{"id":253,"date":"2026-03-31T12:48:11","date_gmt":"2026-03-31T12:48:11","guid":{"rendered":"https:\/\/discoversailing.pl\/?page_id=253"},"modified":"2026-03-31T12:48:11","modified_gmt":"2026-03-31T12:48:11","slug":"bornholm","status":"publish","type":"page","link":"https:\/\/discoversailing.pl\/index.php\/bornholm\/","title":{"rendered":"Bornholm"},"content":{"rendered":"\n<p class=\"has-base-font-size\" style=\"margin-top:0;margin-bottom:0\">\ud83d\udccd <strong>Start:<\/strong> Dar\u0142owo<br>\ud83d\udcc5 <strong>Termin:<\/strong> 25.07 &#8211; 01.08.2026<\/p>\n\n\n\n<p class=\"has-base-font-size\" style=\"margin-top:0;margin-bottom:0\">\ud83d\udcb2 Cena: 1900 z\u0142 + sk\u0142adka 3P rozliczana na koniec rejsu<br>\ud83d\udc65 <strong>Dla kogo:<\/strong> rejs sta\u017cowy, wi\u0119c dla tych co ju\u017c p\u0142ywali<br>\u26f5Jacht: Bavaria 44<\/p>\n\n\n\n<hr class=\"wp-block-separator has-alpha-channel-opacity is-style-wide\"\/>\n\n\n\n<h2 class=\"wp-block-heading\" id=\"opis-lipary\" style=\"margin-top:var(--wp--preset--spacing--x-small);margin-bottom:var(--wp--preset--spacing--small)\">Opis rejsu<\/h2>\n\n\n\n<p class=\"has-base-font-size\">Ten rejs ma&nbsp;<strong>charakter sta\u017cowy<\/strong>. P\u0142yniemy w&nbsp;<strong>systemie wachtowym<\/strong>, z pe\u0142nym podzia\u0142em odpowiedzialno\u015bci. Ka\u017cdy uczestnik bierze udzia\u0142 w:<\/p>\n\n\n\n<ul class=\"wp-block-list\">\n<li>prowadzeniu jachtu,<\/li>\n\n\n\n<li>nawigacji,<\/li>\n\n\n\n<li>obserwacji i pracy na pok\u0142adzie,<\/li>\n\n\n\n<li>wachtach dziennych i nocnych,<\/li>\n\n\n\n<li>przygotowywaniu posi\u0142k\u00f3w.<\/li>\n<\/ul>\n\n\n\n<p class=\"has-base-font-size\" style=\"margin-top:var(--wp--preset--spacing--large);margin-bottom:var(--wp--preset--spacing--large)\">Nasz\u0105 \u017ceglarsk\u0105 przygod\u0119 rozpoczynamy w Dar\u0142owie, sk\u0105d po zaprowiantowaniu i przygotowaniu jachtu obieramy kurs na Karlskron\u0119. Zale\u017cnie od preferencji za\u0142ogi albo dop\u0142yniemy do Karlskrony, albo tylko na chwil\u0119 zejdziemy na l\u0105d na Utklippan i p\u0142yniemy dalej w kierunku Bornholmu.<\/p>\n\n\n\n<figure class=\"wp-block-image aligncenter size-full\" style=\"margin-top:var(--wp--preset--spacing--medium);margin-bottom:var(--wp--preset--spacing--medium)\"><img loading=\"lazy\" decoding=\"async\" width=\"808\" height=\"720\" src=\"https:\/\/discoversailing.pl\/wp-content\/uploads\/2026\/03\/mapa.jpg\" alt=\"\" class=\"wp-image-257\" srcset=\"https:\/\/discoversailing.pl\/wp-content\/uploads\/2026\/03\/mapa.jpg 808w, https:\/\/discoversailing.pl\/wp-content\/uploads\/2026\/03\/mapa-300x267.jpg 300w, https:\/\/discoversailing.pl\/wp-content\/uploads\/2026\/03\/mapa-768x684.jpg 768w\" sizes=\"auto, (max-width: 808px) 100vw, 808px\" \/><\/figure>\n\n\n\n<p class=\"has-base-font-size\">Du\u0144ska\u00a0wyspa Bornholm\u00a0jest jednym z najpopularniejszych miejsc do \u017ceglowania w regionie Morza Ba\u0142tyckiego.\u00a0<br>Wynika to przede wszystkim z centralnej\u00a0lokalizacji wyspy\u00a0na Morzu Ba\u0142tyckim, ale tak\u017ce dzieki swojemu urokowi: pi\u0119kne &#8211; szerokie piaszczyste pla\u017ce, pi\u0119kny krajobraz wydm, dziewicze lasy i malownicze wioski.\u00a0<br><br>Wyspa oferuje r\u00f3wnie\u017c doskona\u0142\u0105 infrastruktur\u0119 na wakacje pod \u017caglami z \u0142\u0105cznie 27 portami.\u00a0<br>Bornholm ma nie tylko du\u017ce porty promowe i rybackie w Nex\u00f8 i R\u00f8nne, ale tak\u017ce wiele marin o r\u00f3\u017cnych pojemno\u015bciach.\u00a0<br>Wi\u0119kszo\u015b\u0107 mniejszych port\u00f3w znajduje si\u0119 we wschodniej cz\u0119\u015bci wyspy mi\u0119dzy Snogeb\u00e6k a Hammerknuden.\u00a0<br>S\u0105 one w wi\u0119kszo\u015bci zintegrowane bezpo\u015brednio z malowniczym nadmorskim krajobrazem i s\u0105 idealn\u0105 baz\u0105 wypadow\u0105\u00a0do odkrywania\u00a0zabytk\u00f3w\u00a0i atrakcji w g\u0142\u0119bi l\u0105du.<\/p>\n\n\n\n<p class=\"has-base-font-size\" style=\"margin-top:var(--wp--preset--spacing--medium);margin-bottom:var(--wp--preset--spacing--medium)\">Na Bornholmie sp\u0119dzimy dwa dni, po czym udamy si\u0119 w stron\u0119 polskiego wybrze\u017ca. <\/p>\n\n\n\n<p class=\"has-base-font-size\">Pierwszym polskim portem do jakiego zawiniemy b\u0119dzie Dziwn\u00f3w, sk\u0105d udamy si\u0119 w drog\u0119 powrotn\u0105 do Dar\u0142owa odwiedzaj\u0105c po drodze kolejne polskie porty.<\/p>\n\n\n\n<p class=\"has-base-font-size\" style=\"margin-top:var(--wp--preset--spacing--large);margin-bottom:var(--wp--preset--spacing--large)\">Ca\u0142a trasa jest \u015bci\u015ble uzale\u017cniona od pogody i preferencji za\u0142ogi.<\/p>\n\n\n\n<hr class=\"wp-block-separator has-alpha-channel-opacity is-style-wide\" style=\"margin-top:var(--wp--preset--spacing--small);margin-bottom:var(--wp--preset--spacing--small)\"\/>\n\n\n\n<h2 class=\"wp-block-heading\" id=\"jacht-lipary\" style=\"margin-top:var(--wp--preset--spacing--medium);margin-bottom:var(--wp--preset--spacing--medium)\">Opis jachtu<\/h2>\n\n\n\n<p class=\"has-base-font-size\">P\u0142yniemy du\u017cym cztero &#8211; kabinowym jachtem z dwoma \u0142azienkami z prysznicami.<\/p>\n\n\n\n<figure class=\"wp-block-gallery has-nested-images columns-default is-cropped wp-block-gallery-1 is-layout-flex wp-block-gallery-is-layout-flex\">\n<figure class=\"wp-block-image size-large\"><img loading=\"lazy\" decoding=\"async\" width=\"1024\" height=\"729\" data-id=\"265\" src=\"https:\/\/discoversailing.pl\/wp-content\/uploads\/2026\/03\/2-1-1024x729.png\" alt=\"\" class=\"wp-image-265\" srcset=\"https:\/\/discoversailing.pl\/wp-content\/uploads\/2026\/03\/2-1-1024x729.png 1024w, https:\/\/discoversailing.pl\/wp-content\/uploads\/2026\/03\/2-1-300x214.png 300w, https:\/\/discoversailing.pl\/wp-content\/uploads\/2026\/03\/2-1-768x547.png 768w, https:\/\/discoversailing.pl\/wp-content\/uploads\/2026\/03\/2-1.png 1104w\" sizes=\"auto, (max-width: 1024px) 100vw, 1024px\" \/><\/figure>\n\n\n\n<figure class=\"wp-block-image size-large\"><img loading=\"lazy\" decoding=\"async\" width=\"1024\" height=\"771\" data-id=\"266\" src=\"https:\/\/discoversailing.pl\/wp-content\/uploads\/2026\/03\/3-1-1024x771.png\" alt=\"\" class=\"wp-image-266\" srcset=\"https:\/\/discoversailing.pl\/wp-content\/uploads\/2026\/03\/3-1-1024x771.png 1024w, https:\/\/discoversailing.pl\/wp-content\/uploads\/2026\/03\/3-1-300x226.png 300w, https:\/\/discoversailing.pl\/wp-content\/uploads\/2026\/03\/3-1-768x579.png 768w, https:\/\/discoversailing.pl\/wp-content\/uploads\/2026\/03\/3-1.png 1103w\" sizes=\"auto, (max-width: 1024px) 100vw, 1024px\" \/><\/figure>\n\n\n\n<figure class=\"wp-block-image size-large\"><img loading=\"lazy\" decoding=\"async\" width=\"1024\" height=\"767\" data-id=\"267\" src=\"https:\/\/discoversailing.pl\/wp-content\/uploads\/2026\/03\/4-1-1024x767.png\" alt=\"\" class=\"wp-image-267\" srcset=\"https:\/\/discoversailing.pl\/wp-content\/uploads\/2026\/03\/4-1-1024x767.png 1024w, https:\/\/discoversailing.pl\/wp-content\/uploads\/2026\/03\/4-1-300x225.png 300w, https:\/\/discoversailing.pl\/wp-content\/uploads\/2026\/03\/4-1-768x575.png 768w, https:\/\/discoversailing.pl\/wp-content\/uploads\/2026\/03\/4-1.png 1109w\" sizes=\"auto, (max-width: 1024px) 100vw, 1024px\" \/><\/figure>\n\n\n\n<figure class=\"wp-block-image size-large\"><img loading=\"lazy\" decoding=\"async\" width=\"823\" height=\"691\" data-id=\"268\" src=\"https:\/\/discoversailing.pl\/wp-content\/uploads\/2026\/03\/Bez-tytulu.png\" alt=\"\" class=\"wp-image-268\" srcset=\"https:\/\/discoversailing.pl\/wp-content\/uploads\/2026\/03\/Bez-tytulu.png 823w, https:\/\/discoversailing.pl\/wp-content\/uploads\/2026\/03\/Bez-tytulu-300x252.png 300w, https:\/\/discoversailing.pl\/wp-content\/uploads\/2026\/03\/Bez-tytulu-768x645.png 768w\" sizes=\"auto, (max-width: 823px) 100vw, 823px\" \/><\/figure>\n<\/figure>\n\n\n\n<div class=\"wp-block-columns is-layout-flex wp-container-core-columns-is-layout-28f84493 wp-block-columns-is-layout-flex\">\n<div class=\"wp-block-column is-layout-flow wp-block-column-is-layout-flow\">\n<p class=\"has-base-font-size\">Wyposa\u017cenie komfort:<\/p>\n\n\n\n<ul class=\"wp-block-list\">\n<li>g\u0142o\u015bnik w kokpicie<\/li>\n\n\n\n<li>autopilot<\/li>\n\n\n\n<li>wyposa\u017cony kambuz<\/li>\n\n\n\n<li>po\u015bciel i r\u0119czniki<\/li>\n\n\n\n<li>bojler z ciep\u0142\u0105 wod\u0105<\/li>\n\n\n\n<li>ogrzewanie Webasto<\/li>\n<\/ul>\n<\/div>\n\n\n\n<div class=\"wp-block-column is-layout-flow wp-block-column-is-layout-flow\">\n<p class=\"has-base-font-size\">Wyposa\u017cenie bezpiecze\u0144stwo:<\/p>\n\n\n\n<ul class=\"wp-block-list\">\n<li>kamizelki ratunkowe<\/li>\n\n\n\n<li>tratwa ratunkowa<\/li>\n\n\n\n<li>epirb<\/li>\n\n\n\n<li>radio VHF<\/li>\n<\/ul>\n<\/div>\n<\/div>\n\n\n\n<hr class=\"wp-block-separator has-alpha-channel-opacity is-style-wide\"\/>\n\n\n\n<div class=\"wp-block-group has-global-padding is-layout-constrained wp-container-core-group-is-layout-d30ff707 wp-block-group-is-layout-constrained\">\n<div class=\"wp-block-columns is-layout-flex wp-container-core-columns-is-layout-28f84493 wp-block-columns-is-layout-flex\">\n<div class=\"wp-block-column is-layout-flow wp-block-column-is-layout-flow\">\n<p class=\"has-medium-font-size\">Cena zawiera:<\/p>\n\n\n\n<ul class=\"wp-block-list\">\n<li>opiek\u0119 do\u015bwiadczonego skippera<\/li>\n\n\n\n<li>koj\u0119<\/li>\n\n\n\n<li>sprz\u0105tanie ko\u0144cowe<\/li>\n\n\n\n<li>szkolenie z bezpiecze\u0144stwa<\/li>\n\n\n\n<li>opini\u0119 sta\u017cow\u0105 PZ\u017b dla ch\u0119tnych<\/li>\n\n\n\n<li>ubezpieczenie<\/li>\n<\/ul>\n<\/div>\n\n\n\n<div class=\"wp-block-column is-layout-flow wp-block-column-is-layout-flow\">\n<p class=\"has-medium-font-size\">Sk\u0142adka obejmuje:<\/p>\n\n\n\n<ul class=\"wp-block-list\">\n<li>wy\u017cywienie na jachcie<\/li>\n\n\n\n<li>op\u0142aty portowe<\/li>\n\n\n\n<li>paliwo do jachtu<\/li>\n<\/ul>\n<\/div>\n<\/div>\n\n\n\n<p class=\"has-medium-font-size\" style=\"margin-top:var(--wp--preset--spacing--large)\">Cena nie obejmuje:<\/p>\n\n\n\n<ul class=\"wp-block-list\">\n<li>przelot\u00f3w,<\/li>\n\n\n\n<li>transfer\u00f3w,<\/li>\n\n\n\n<li>restauracji,<\/li>\n\n\n\n<li>alkoholu, <\/li>\n\n\n\n<li>atrakcji na l\u0105dzie.<\/li>\n<\/ul>\n<\/div>\n\n\n\n<div class=\"wp-block-buttons is-content-justification-center is-layout-flex wp-container-core-buttons-is-layout-a89b3969 wp-block-buttons-is-layout-flex\">\n<div class=\"wp-block-button\"><a class=\"wp-block-button__link wp-element-button\" href=\"https:\/\/discoversailing.pl\/index.php\/rejsy-morskie\/\">powr\u00f3t<\/a><\/div>\n<\/div>\n","protected":false},"excerpt":{"rendered":"<p>\ud83d\udccd Start: Dar\u0142owo\ud83d\udcc5 Termin: 25.07 &#8211; 01.08.2026 \ud83d\udcb2 Cena: 1900 z\u0142 + sk\u0142adka 3P rozliczana na koniec rejsu\ud83d\udc65 Dla kogo: rejs sta\u017cowy, wi\u0119c dla tych co ju\u017c p\u0142ywali\u26f5Jacht: Bavaria 44 Opis rejsu Ten rejs ma&nbsp;charakter sta\u017cowy. P\u0142yniemy w&nbsp;systemie wachtowym, z pe\u0142nym podzia\u0142em odpowiedzialno\u015bci. Ka\u017cdy uczestnik bierze udzia\u0142 w: Nasz\u0105 \u017ceglarsk\u0105 przygod\u0119 rozpoczynamy w Dar\u0142owie, sk\u0105d [&hellip;]<\/p>\n","protected":false},"author":1,"featured_media":0,"parent":0,"menu_order":0,"comment_status":"closed","ping_status":"closed","template":"no-title-space","meta":{"footnotes":""},"class_list":["post-253","page","type-page","status-publish","hentry"],"_links":{"self":[{"href":"https:\/\/discoversailing.pl\/index.php\/wp-json\/wp\/v2\/pages\/253","targetHints":{"allow":["GET"]}}],"collection":[{"href":"https:\/\/discoversailing.pl\/index.php\/wp-json\/wp\/v2\/pages"}],"about":[{"href":"https:\/\/discoversailing.pl\/index.php\/wp-json\/wp\/v2\/types\/page"}],"author":[{"embeddable":true,"href":"https:\/\/discoversailing.pl\/index.php\/wp-json\/wp\/v2\/users\/1"}],"replies":[{"embeddable":true,"href":"https:\/\/discoversailing.pl\/index.php\/wp-json\/wp\/v2\/comments?post=253"}],"version-history":[{"count":11,"href":"https:\/\/discoversailing.pl\/index.php\/wp-json\/wp\/v2\/pages\/253\/revisions"}],"predecessor-version":[{"id":270,"href":"https:\/\/discoversailing.pl\/index.php\/wp-json\/wp\/v2\/pages\/253\/revisions\/270"}],"wp:attachment":[{"href":"https:\/\/discoversailing.pl\/index.php\/wp-json\/wp\/v2\/media?parent=253"}],"curies":[{"name":"wp","href":"https:\/\/api.w.org\/{rel}","templated":true}]}}