{"id":299,"date":"2026-04-01T12:09:33","date_gmt":"2026-04-01T12:09:33","guid":{"rendered":"https:\/\/discoversailing.pl\/?page_id=299"},"modified":"2026-04-01T12:11:13","modified_gmt":"2026-04-01T12:11:13","slug":"sardynia-i-korsyka","status":"publish","type":"page","link":"https:\/\/discoversailing.pl\/index.php\/sardynia-i-korsyka\/","title":{"rendered":"Sardynia i Korsyka"},"content":{"rendered":"\n<p class=\"has-base-font-size\">\ud83d\udccd <strong>Start:<\/strong> Olbia<br>\ud83d\udcc5 <strong>Termin:<\/strong> 10-17. 10. 2026<\/p>\n\n\n\n<p class=\"has-base-font-size\">\ud83d\udcb2 Cena:  (sk\u0142adka nie jest rozliczana)<br>\ud83d\udc65 <strong>Dla kogo:<\/strong> dla ka\u017cdego<br>\u26f5Jacht: Dufour 460 GL<\/p>\n\n\n\n<hr class=\"wp-block-separator has-alpha-channel-opacity is-style-wide\"\/>\n\n\n\n<h2 class=\"wp-block-heading\" id=\"opis-lipary\" style=\"margin-top:var(--wp--preset--spacing--x-small);margin-bottom:var(--wp--preset--spacing--small)\">Opis rejsu<\/h2>\n\n\n\n<p class=\"has-base-font-size\">Rejs po Sardynii i Korsyce \u2014 turkusowe zatoki, dzikie wyspy i noc pod gwiazdami &#8211; odkryj uroki Morza Tyre\u0144skiego.<\/p>\n\n\n\n<figure class=\"wp-block-image aligncenter size-full\" style=\"margin-top:var(--wp--preset--spacing--medium);margin-bottom:var(--wp--preset--spacing--medium)\"><img loading=\"lazy\" decoding=\"async\" width=\"611\" height=\"658\" src=\"https:\/\/discoversailing.pl\/wp-content\/uploads\/2026\/04\/trasa.png\" alt=\"\" class=\"wp-image-312\" srcset=\"https:\/\/discoversailing.pl\/wp-content\/uploads\/2026\/04\/trasa.png 611w, https:\/\/discoversailing.pl\/wp-content\/uploads\/2026\/04\/trasa-279x300.png 279w\" sizes=\"auto, (max-width: 611px) 100vw, 611px\" \/><\/figure>\n\n\n\n<p class=\"has-base-font-size\" style=\"margin-top:var(--wp--preset--spacing--large);margin-bottom:var(--wp--preset--spacing--large)\">Nasz\u0105 podr\u00f3\u017c rozpoczniemy w Olbii \u2014 t\u0119tni\u0105cym \u017cyciem porcie p\u00f3\u0142nocno-wschodniej Sardynii. Po zaokr\u0119towaniu i kr\u00f3tkim wprowadzeniu wyp\u0142yniemy w kierunku eleganckiego Porto Rotondo. To stylowe miasteczko zachwyca klimatyczn\u0105 marin\u0105, w\u0142oskimi restauracjami i pi\u0119knymi widokami. Spacer w\u0105skimi uliczkami i kolacja przy zachodzie s\u0142o\u0144ca b\u0119d\u0105 idealnym rozpocz\u0119ciem naszego rejsu. \ud83c\uddee\ud83c\uddf9\u2728<\/p>\n\n\n\n<figure class=\"wp-block-image aligncenter size-full\"><img loading=\"lazy\" decoding=\"async\" width=\"480\" height=\"320\" src=\"https:\/\/discoversailing.pl\/wp-content\/uploads\/2026\/04\/olbia.jpg\" alt=\"\" class=\"wp-image-303\" srcset=\"https:\/\/discoversailing.pl\/wp-content\/uploads\/2026\/04\/olbia.jpg 480w, https:\/\/discoversailing.pl\/wp-content\/uploads\/2026\/04\/olbia-300x200.jpg 300w\" sizes=\"auto, (max-width: 480px) 100vw, 480px\" \/><\/figure>\n\n\n\n<div class=\"wp-block-media-text has-media-on-the-right is-stacked-on-mobile\"><div class=\"wp-block-media-text__content\">\n<p class=\"has-base-font-size\">Po wyp\u0142yni\u0119ciu z Olbii skierujemy si\u0119 w stron\u0119 eleganckiego Porto Rotondo \u2014 jednego z najbardziej stylowych port\u00f3w p\u00f3\u0142nocnej Sardynii. To miejsce znane z klimatycznych uliczek, butik\u00f3w, restauracji i wyj\u0105tkowej atmosfery \u015br\u00f3dziemnomorskiego kurortu. Spacer po marinie, w\u0142oskie espresso lub kolacja przy zachodzie s\u0142o\u0144ca b\u0119d\u0105 idealnym rozpocz\u0119ciem naszej \u017ceglarskiej przygody. \ud83c\uddee\ud83c\uddf9\u2728<\/p>\n<\/div><figure class=\"wp-block-media-text__media\"><img loading=\"lazy\" decoding=\"async\" width=\"1024\" height=\"683\" src=\"https:\/\/discoversailing.pl\/wp-content\/uploads\/2026\/04\/Porto-Rotondo-1024x683.jpg\" alt=\"\" class=\"wp-image-314 size-full\" srcset=\"https:\/\/discoversailing.pl\/wp-content\/uploads\/2026\/04\/Porto-Rotondo-1024x683.jpg 1024w, https:\/\/discoversailing.pl\/wp-content\/uploads\/2026\/04\/Porto-Rotondo-300x200.jpg 300w, https:\/\/discoversailing.pl\/wp-content\/uploads\/2026\/04\/Porto-Rotondo-768x512.jpg 768w, https:\/\/discoversailing.pl\/wp-content\/uploads\/2026\/04\/Porto-Rotondo.jpg 1200w\" sizes=\"auto, (max-width: 1024px) 100vw, 1024px\" \/><\/figure><\/div>\n\n\n\n<div class=\"wp-block-media-text is-stacked-on-mobile is-vertically-aligned-center\" style=\"margin-top:var(--wp--preset--spacing--large);margin-bottom:var(--wp--preset--spacing--large);grid-template-columns:54% auto\"><figure class=\"wp-block-media-text__media\"><img loading=\"lazy\" decoding=\"async\" width=\"1024\" height=\"768\" src=\"https:\/\/discoversailing.pl\/wp-content\/uploads\/2026\/04\/DJI_0451-3-1024x768.jpg\" alt=\"\" class=\"wp-image-323 size-full\" srcset=\"https:\/\/discoversailing.pl\/wp-content\/uploads\/2026\/04\/DJI_0451-3-1024x768.jpg 1024w, https:\/\/discoversailing.pl\/wp-content\/uploads\/2026\/04\/DJI_0451-3-300x225.jpg 300w, https:\/\/discoversailing.pl\/wp-content\/uploads\/2026\/04\/DJI_0451-3-768x576.jpg 768w, https:\/\/discoversailing.pl\/wp-content\/uploads\/2026\/04\/DJI_0451-3-1536x1152.jpg 1536w, https:\/\/discoversailing.pl\/wp-content\/uploads\/2026\/04\/DJI_0451-3-2048x1536.jpg 2048w\" sizes=\"auto, (max-width: 1024px) 100vw, 1024px\" \/><\/figure><div class=\"wp-block-media-text__content\">\n<p class=\"has-base-font-size\" style=\"margin-bottom:var(--wp--preset--spacing--small)\">\ud83c\udf5d La Maddalena<\/p>\n\n\n\n<p class=\"has-base-font-size\">Kolejnym przystankiem b\u0119dzie archipelag La Maddalena \u2014 prawdziwy raj dla mi\u0142o\u015bnik\u00f3w \u017ceglowania. Turkusowa woda, bia\u0142e pla\u017ce i dzikie, granitowe wyspy tworz\u0105 krajobraz jak z poczt\u00f3wki. Zatrzymamy si\u0119 w jednej z malowniczych zatok na k\u0105piel, snorkeling i relaks na pok\u0142adzie. \ud83c\udf0a<\/p>\n<\/div><\/div>\n\n\n\n<p class=\"has-base-font-size\">Nast\u0119pnie udamy si\u0119 do magicznego Bonifacio na po\u0142udniu Korsyki \u2014 jedno z najbardziej spektakularnych miasteczek portowych w Europie. Bia\u0142e klify, w\u0105skie uliczki i port ukryty mi\u0119dzy ska\u0142ami tworz\u0105 niezapomnian\u0105 atmosfer\u0119. Wiecz\u00f3r sp\u0119dzimy spaceruj\u0105c po historycznym centrum lub delektuj\u0105c si\u0119 lokaln\u0105 kuchni\u0105 w klimatycznej restauracji. \ud83c\uddeb\ud83c\uddf7<\/p>\n\n\n\n<figure class=\"wp-block-gallery has-nested-images columns-default is-cropped wp-block-gallery-1 is-layout-flex wp-block-gallery-is-layout-flex\">\n<figure class=\"wp-block-image size-large\"><img loading=\"lazy\" decoding=\"async\" width=\"1024\" height=\"688\" data-id=\"307\" src=\"https:\/\/discoversailing.pl\/wp-content\/uploads\/2026\/04\/bonifacio-1024x688.jpg\" alt=\"\" class=\"wp-image-307\" srcset=\"https:\/\/discoversailing.pl\/wp-content\/uploads\/2026\/04\/bonifacio-1024x688.jpg 1024w, https:\/\/discoversailing.pl\/wp-content\/uploads\/2026\/04\/bonifacio-300x202.jpg 300w, https:\/\/discoversailing.pl\/wp-content\/uploads\/2026\/04\/bonifacio-768x516.jpg 768w, https:\/\/discoversailing.pl\/wp-content\/uploads\/2026\/04\/bonifacio-1536x1032.jpg 1536w, https:\/\/discoversailing.pl\/wp-content\/uploads\/2026\/04\/bonifacio-2048x1377.jpg 2048w\" sizes=\"auto, (max-width: 1024px) 100vw, 1024px\" \/><\/figure>\n\n\n\n<figure class=\"wp-block-image size-full\"><img loading=\"lazy\" decoding=\"async\" width=\"1009\" height=\"670\" data-id=\"308\" src=\"https:\/\/discoversailing.pl\/wp-content\/uploads\/2026\/04\/bonifacio2.jpg\" alt=\"\" class=\"wp-image-308\" srcset=\"https:\/\/discoversailing.pl\/wp-content\/uploads\/2026\/04\/bonifacio2.jpg 1009w, https:\/\/discoversailing.pl\/wp-content\/uploads\/2026\/04\/bonifacio2-300x199.jpg 300w, https:\/\/discoversailing.pl\/wp-content\/uploads\/2026\/04\/bonifacio2-768x510.jpg 768w\" sizes=\"auto, (max-width: 1009px) 100vw, 1009px\" \/><\/figure>\n<\/figure>\n\n\n\n<p class=\"has-base-font-size\" style=\"margin-top:var(--wp--preset--spacing--large);margin-bottom:var(--wp--preset--spacing--x-small)\">Wracaj\u0105c na Sardyni\u0119 zatrzymamy si\u0119 w Santa Teresa Gallura \u2014 malowniczym miasteczku z widokiem na Korsyk\u0119. To idealne miejsce na spacer, kaw\u0119 w lokalnej kawiarni i kolejn\u0105 k\u0105piel w krystalicznie czystej wodzie.<\/p>\n\n\n\n<figure class=\"wp-block-gallery has-nested-images columns-default is-cropped wp-block-gallery-2 is-layout-flex wp-block-gallery-is-layout-flex\">\n<figure class=\"wp-block-image size-large\"><img loading=\"lazy\" decoding=\"async\" width=\"900\" height=\"674\" data-id=\"327\" src=\"https:\/\/discoversailing.pl\/wp-content\/uploads\/2026\/04\/162141742367267800-2.jpg\" alt=\"\" class=\"wp-image-327\" srcset=\"https:\/\/discoversailing.pl\/wp-content\/uploads\/2026\/04\/162141742367267800-2.jpg 900w, https:\/\/discoversailing.pl\/wp-content\/uploads\/2026\/04\/162141742367267800-2-300x225.jpg 300w, https:\/\/discoversailing.pl\/wp-content\/uploads\/2026\/04\/162141742367267800-2-768x575.jpg 768w\" sizes=\"auto, (max-width: 900px) 100vw, 900px\" \/><\/figure>\n\n\n\n<figure class=\"wp-block-image size-large\"><img loading=\"lazy\" decoding=\"async\" width=\"800\" height=\"469\" data-id=\"326\" src=\"https:\/\/discoversailing.pl\/wp-content\/uploads\/2026\/04\/mariny_196.jpg\" alt=\"\" class=\"wp-image-326\" srcset=\"https:\/\/discoversailing.pl\/wp-content\/uploads\/2026\/04\/mariny_196.jpg 800w, https:\/\/discoversailing.pl\/wp-content\/uploads\/2026\/04\/mariny_196-300x176.jpg 300w, https:\/\/discoversailing.pl\/wp-content\/uploads\/2026\/04\/mariny_196-768x450.jpg 768w\" sizes=\"auto, (max-width: 800px) 100vw, 800px\" \/><\/figure>\n\n\n\n<figure class=\"wp-block-image size-large\"><img loading=\"lazy\" decoding=\"async\" width=\"1024\" height=\"683\" data-id=\"328\" src=\"https:\/\/discoversailing.pl\/wp-content\/uploads\/2026\/04\/sardynia-1024x683.webp\" alt=\"\" class=\"wp-image-328\" srcset=\"https:\/\/discoversailing.pl\/wp-content\/uploads\/2026\/04\/sardynia-1024x683.webp 1024w, https:\/\/discoversailing.pl\/wp-content\/uploads\/2026\/04\/sardynia-300x200.webp 300w, https:\/\/discoversailing.pl\/wp-content\/uploads\/2026\/04\/sardynia-768x512.webp 768w, https:\/\/discoversailing.pl\/wp-content\/uploads\/2026\/04\/sardynia-1536x1024.webp 1536w, https:\/\/discoversailing.pl\/wp-content\/uploads\/2026\/04\/sardynia-2048x1366.webp 2048w\" sizes=\"auto, (max-width: 1024px) 100vw, 1024px\" \/><\/figure>\n<\/figure>\n\n\n\n<p class=\"has-base-font-size\">Na zako\u0144czenie odwiedzimy Porto Cervo \u2014 serce s\u0142ynnego Costa Smeralda. Luksusowa marina, eleganckie butiki i wyj\u0105tkowa atmosfera sprawi\u0105, \u017ce b\u0119dzie to doskona\u0142e zwie\u0144czenie naszej \u017ceglarskiej wyprawy. \u2728<\/p>\n\n\n\n<h2 class=\"wp-block-heading has-base-font-size\"><strong>Co Ci\u0119 czeka podczas rejsu?<\/strong><\/h2>\n\n\n\n<ul class=\"wp-block-list\">\n<li>\u26f5 \u017cegluga mi\u0119dzy Sardyni\u0105 i Korsyk\u0105<\/li>\n\n\n\n<li>\ud83c\udf0a k\u0105piele w turkusowych zatokach<\/li>\n\n\n\n<li>\ud83c\udf05 nocowanie na kotwicy w dzikiej zatoce<\/li>\n\n\n\n<li>\ud83c\udf5d lokalna kuchnia i klimatyczne porty<\/li>\n\n\n\n<li>\ud83e\udd3f snorkeling i relaks na pok\u0142adzie<\/li>\n\n\n\n<li>\u2600\ufe0f kameralna atmosfera i niezapomniane widoki<\/li>\n<\/ul>\n\n\n\n<p class=\"has-base-font-size\" style=\"margin-top:var(--wp--preset--spacing--medium)\">To rejs dla os\u00f3b, kt\u00f3re chc\u0105 po\u0142\u0105czy\u0107 aktywny wypoczynek z relaksem, odkrywaniem nowych miejsc i prawdziw\u0105 \u017ceglarsk\u0105 przygod\u0105.<\/p>\n\n\n\n<p class=\"has-medium-font-size\" style=\"margin-top:var(--wp--preset--spacing--large)\">Do\u0142\u0105cz do nas i prze\u017cyj niezapomniany rejs po Sardynii i Korsyce!<\/p>\n\n\n\n<hr class=\"wp-block-separator has-alpha-channel-opacity is-style-wide\" style=\"margin-top:var(--wp--preset--spacing--small);margin-bottom:var(--wp--preset--spacing--small)\"\/>\n\n\n\n<h2 class=\"wp-block-heading\" id=\"jacht-lipary\" style=\"margin-top:var(--wp--preset--spacing--medium);margin-bottom:var(--wp--preset--spacing--medium)\">Opis jachtu<\/h2>\n\n\n\n<p class=\"has-base-font-size\">P\u0142yniemy du\u017cym cztero &#8211; kabinowym jachtem z dwoma \u0142azienkami z prysznicami.<\/p>\n\n\n\n<figure class=\"wp-block-gallery has-nested-images columns-default is-cropped wp-block-gallery-3 is-layout-flex wp-block-gallery-is-layout-flex\">\n<figure class=\"wp-block-image size-large\"><img loading=\"lazy\" decoding=\"async\" width=\"924\" height=\"616\" data-id=\"316\" src=\"https:\/\/discoversailing.pl\/wp-content\/uploads\/2026\/04\/jacht.jpg\" alt=\"\" class=\"wp-image-316\" srcset=\"https:\/\/discoversailing.pl\/wp-content\/uploads\/2026\/04\/jacht.jpg 924w, https:\/\/discoversailing.pl\/wp-content\/uploads\/2026\/04\/jacht-300x200.jpg 300w, https:\/\/discoversailing.pl\/wp-content\/uploads\/2026\/04\/jacht-768x512.jpg 768w\" sizes=\"auto, (max-width: 924px) 100vw, 924px\" \/><\/figure>\n\n\n\n<figure class=\"wp-block-image size-large\"><img loading=\"lazy\" decoding=\"async\" width=\"963\" height=\"541\" data-id=\"317\" src=\"https:\/\/discoversailing.pl\/wp-content\/uploads\/2026\/04\/jacht2.jpg\" alt=\"\" class=\"wp-image-317\" srcset=\"https:\/\/discoversailing.pl\/wp-content\/uploads\/2026\/04\/jacht2.jpg 963w, https:\/\/discoversailing.pl\/wp-content\/uploads\/2026\/04\/jacht2-300x169.jpg 300w, https:\/\/discoversailing.pl\/wp-content\/uploads\/2026\/04\/jacht2-768x431.jpg 768w\" sizes=\"auto, (max-width: 963px) 100vw, 963px\" \/><\/figure>\n\n\n\n<figure class=\"wp-block-image size-large\"><img loading=\"lazy\" decoding=\"async\" width=\"1024\" height=\"573\" data-id=\"318\" src=\"https:\/\/discoversailing.pl\/wp-content\/uploads\/2026\/04\/jacht3-1024x573.jpg\" alt=\"\" class=\"wp-image-318\" srcset=\"https:\/\/discoversailing.pl\/wp-content\/uploads\/2026\/04\/jacht3-1024x573.jpg 1024w, https:\/\/discoversailing.pl\/wp-content\/uploads\/2026\/04\/jacht3-300x168.jpg 300w, https:\/\/discoversailing.pl\/wp-content\/uploads\/2026\/04\/jacht3-768x430.jpg 768w, https:\/\/discoversailing.pl\/wp-content\/uploads\/2026\/04\/jacht3.jpg 1277w\" sizes=\"auto, (max-width: 1024px) 100vw, 1024px\" \/><\/figure>\n<\/figure>\n\n\n\n<div class=\"wp-block-columns is-layout-flex wp-container-core-columns-is-layout-28f84493 wp-block-columns-is-layout-flex\">\n<div class=\"wp-block-column is-layout-flow wp-block-column-is-layout-flow\">\n<p class=\"has-base-font-size\">Wyposa\u017cenie komfort:<\/p>\n\n\n\n<ul class=\"wp-block-list\">\n<li>platforma k\u0105pielowa<\/li>\n\n\n\n<li>elektryczne WC<\/li>\n\n\n\n<li>ponton z silnikiem<\/li>\n\n\n\n<li>poduszki w kokpicie<\/li>\n\n\n\n<li>wentylatory w kajutach i salonie<\/li>\n\n\n\n<li>g\u0142o\u015bnik w kokpicie<\/li>\n\n\n\n<li>autopilot<\/li>\n\n\n\n<li>wyposa\u017cony kambuz<\/li>\n\n\n\n<li>po\u015bciel i r\u0119czniki<\/li>\n<\/ul>\n<\/div>\n\n\n\n<div class=\"wp-block-column is-layout-flow wp-block-column-is-layout-flow\">\n<p class=\"has-base-font-size\">Wyposa\u017cenie bezpiecze\u0144stwo:<\/p>\n\n\n\n<ul class=\"wp-block-list\">\n<li>kamizelki ratunkowe<\/li>\n\n\n\n<li>tratwa ratunkowa<\/li>\n\n\n\n<li>epirb<\/li>\n\n\n\n<li>radio VHF<\/li>\n<\/ul>\n<\/div>\n<\/div>\n","protected":false},"excerpt":{"rendered":"<p>\ud83d\udccd Start: Olbia\ud83d\udcc5 Termin: 10-17. 10. 2026 \ud83d\udcb2 Cena: (sk\u0142adka nie jest rozliczana)\ud83d\udc65 Dla kogo: dla ka\u017cdego\u26f5Jacht: Dufour 460 GL Opis rejsu Rejs po Sardynii i Korsyce \u2014 turkusowe zatoki, dzikie wyspy i noc pod gwiazdami &#8211; odkryj uroki Morza Tyre\u0144skiego. Nasz\u0105 podr\u00f3\u017c rozpoczniemy w Olbii \u2014 t\u0119tni\u0105cym \u017cyciem porcie p\u00f3\u0142nocno-wschodniej Sardynii. Po zaokr\u0119towaniu i [&hellip;]<\/p>\n","protected":false},"author":1,"featured_media":0,"parent":0,"menu_order":0,"comment_status":"closed","ping_status":"closed","template":"opis-rejsu","meta":{"footnotes":""},"class_list":["post-299","page","type-page","status-publish","hentry"],"_links":{"self":[{"href":"https:\/\/discoversailing.pl\/index.php\/wp-json\/wp\/v2\/pages\/299","targetHints":{"allow":["GET"]}}],"collection":[{"href":"https:\/\/discoversailing.pl\/index.php\/wp-json\/wp\/v2\/pages"}],"about":[{"href":"https:\/\/discoversailing.pl\/index.php\/wp-json\/wp\/v2\/types\/page"}],"author":[{"embeddable":true,"href":"https:\/\/discoversailing.pl\/index.php\/wp-json\/wp\/v2\/users\/1"}],"replies":[{"embeddable":true,"href":"https:\/\/discoversailing.pl\/index.php\/wp-json\/wp\/v2\/comments?post=299"}],"version-history":[{"count":13,"href":"https:\/\/discoversailing.pl\/index.php\/wp-json\/wp\/v2\/pages\/299\/revisions"}],"predecessor-version":[{"id":331,"href":"https:\/\/discoversailing.pl\/index.php\/wp-json\/wp\/v2\/pages\/299\/revisions\/331"}],"wp:attachment":[{"href":"https:\/\/discoversailing.pl\/index.php\/wp-json\/wp\/v2\/media?parent=299"}],"curies":[{"name":"wp","href":"https:\/\/api.w.org\/{rel}","templated":true}]}}