{"id":52,"date":"2026-03-26T18:46:51","date_gmt":"2026-03-26T18:46:51","guid":{"rendered":"https:\/\/discoversailing.pl\/?page_id=52"},"modified":"2026-03-31T10:18:04","modified_gmt":"2026-03-31T10:18:04","slug":"lipary","status":"publish","type":"page","link":"https:\/\/discoversailing.pl\/index.php\/lipary\/","title":{"rendered":"Wyspy Liparyjskie"},"content":{"rendered":"\n<p class=\"has-base-font-size\">\ud83d\udccd <strong>Start:<\/strong> Sycylia (marina Portorosa)<br>\ud83d\udcc5 <strong>Termin:<\/strong> 12-19.09.2026<\/p>\n\n\n\n<p class=\"has-base-font-size\">\ud83d\udcb2 Cena: 2250 z\u0142 + 200 eur (sk\u0142adka nie jest rozliczana)<br>\ud83d\udc65 <strong>Dla kogo:<\/strong> dla ka\u017cdego<br>\u26f5Jacht: Oceanis 45<\/p>\n\n\n\n<hr class=\"wp-block-separator has-alpha-channel-opacity is-style-wide\"\/>\n\n\n\n<h2 class=\"wp-block-heading\" id=\"opis-lipary\" style=\"margin-top:var(--wp--preset--spacing--x-small);margin-bottom:var(--wp--preset--spacing--small)\">Opis rejsu<\/h2>\n\n\n\n<p class=\"has-base-font-size\">Marzysz o turkusowej wodzie, wulkanicznych krajobrazach i klimatycznych w\u0142oskich miasteczkach?<br>Do\u0142\u0105cz do <strong>niezapomnianego rejsu \u017ceglarskiego po Wyspach Liparyjskich<\/strong>!<\/p>\n\n\n\n<p class=\"has-base-font-size\" style=\"margin-top:var(--wp--preset--spacing--large);margin-bottom:var(--wp--preset--spacing--large)\">Nasz\u0105 \u017ceglarsk\u0105 przygod\u0119 rozpoczynamy na Sycylii z mariny Di Portorosa, sk\u0105d po kr\u00f3tkim przygotowaniu jachtu obieramy kurs na jeden z najpi\u0119kniejszych archipelag\u00f3w W\u0142och, wpisany na list\u0119 UNESCO. Przez 7 dni odkrywamy wyspy, do kt\u00f3rych najlepiej (i najpi\u0119kniej) dociera si\u0119 w\u0142a\u015bnie od strony morza.<\/p>\n\n\n\n<figure class=\"wp-block-image aligncenter size-full\" style=\"margin-top:var(--wp--preset--spacing--medium);margin-bottom:var(--wp--preset--spacing--medium)\"><img loading=\"lazy\" decoding=\"async\" width=\"633\" height=\"724\" src=\"https:\/\/discoversailing.pl\/wp-content\/uploads\/2026\/03\/trasa.png\" alt=\"\" class=\"wp-image-156\" srcset=\"https:\/\/discoversailing.pl\/wp-content\/uploads\/2026\/03\/trasa.png 633w, https:\/\/discoversailing.pl\/wp-content\/uploads\/2026\/03\/trasa-262x300.png 262w\" sizes=\"auto, (max-width: 633px) 100vw, 633px\" \/><\/figure>\n\n\n\n<p class=\"has-base-font-size\">Trasa, kt\u00f3ra zachwyca ka\u017cdego dnia<\/p>\n\n\n\n<div class=\"wp-block-media-text is-stacked-on-mobile is-vertically-aligned-center\" style=\"margin-top:var(--wp--preset--spacing--large);margin-bottom:var(--wp--preset--spacing--large);grid-template-columns:54% auto\"><figure class=\"wp-block-media-text__media\"><img loading=\"lazy\" decoding=\"async\" width=\"586\" height=\"363\" src=\"https:\/\/discoversailing.pl\/wp-content\/uploads\/2026\/03\/Lipari_Castello.jpg\" alt=\"\" class=\"wp-image-157 size-full\" srcset=\"https:\/\/discoversailing.pl\/wp-content\/uploads\/2026\/03\/Lipari_Castello.jpg 586w, https:\/\/discoversailing.pl\/wp-content\/uploads\/2026\/03\/Lipari_Castello-300x186.jpg 300w\" sizes=\"auto, (max-width: 586px) 100vw, 586px\" \/><\/figure><div class=\"wp-block-media-text__content\">\n<p class=\"has-base-font-size\">\ud83c\udf5d <strong>Lipari<\/strong><\/p>\n\n\n\n<p class=\"has-base-font-size\">Najwi\u0119ksza i najbardziej t\u0119tni\u0105ca \u017cyciem wyspa archipelagu. Lipari \u0142\u0105czy w\u0142oski klimat z pi\u0119knymi zatokami.<\/p>\n\n\n\n<p class=\"has-base-font-size\" style=\"margin-top:var(--wp--preset--spacing--x-small)\"><strong>Co zobaczysz:<\/strong><\/p>\n\n\n\n<ul class=\"wp-block-list\">\n<li>\ud83c\udfdb\ufe0f Historyczne stare miasto i zamek<\/li>\n\n\n\n<li>\ud83c\udf77 W\u0142oskie restauracje i klimatyczne bary<\/li>\n\n\n\n<li>\ud83c\udfd6\ufe0f Pi\u0119kne zatoki dost\u0119pne tylko od strony morza<\/li>\n\n\n\n<li>\ud83d\udea4 Idealne miejsce na wieczorny spacer<\/li>\n<\/ul>\n\n\n\n<p class=\"has-base-font-size\">To <strong>serce Wysp Liparyjskich<\/strong> i \u015bwietne miejsce na wieczorne wyj\u015bcia.<\/p>\n<\/div><\/div>\n\n\n\n<p class=\"has-base-font-size\"><img loading=\"lazy\" decoding=\"async\" height=\"16\" width=\"16\" alt=\"\ud83c\udfdd\ufe0f\" src=\"https:\/\/static.xx.fbcdn.net\/images\/emoji.php\/v9\/t8b\/1\/16\/1f3dd.png\">&nbsp;Panarea \u2013 najmniejsza i najpi\u0119kniejsza z Wysp Liparyjskich. Elegancka, kameralna, z turkusow\u0105 wod\u0105 i klimatem \u015br\u00f3dziemnomorskiego slow life.<\/p>\n\n\n\n<figure class=\"wp-block-gallery has-nested-images columns-default is-cropped wp-block-gallery-1 is-layout-flex wp-block-gallery-is-layout-flex\">\n<figure class=\"wp-block-image size-large\"><img loading=\"lazy\" decoding=\"async\" width=\"1024\" height=\"681\" data-id=\"173\" src=\"https:\/\/discoversailing.pl\/wp-content\/uploads\/2026\/03\/panarea.jpg\" alt=\"\" class=\"wp-image-173\" srcset=\"https:\/\/discoversailing.pl\/wp-content\/uploads\/2026\/03\/panarea.jpg 1024w, https:\/\/discoversailing.pl\/wp-content\/uploads\/2026\/03\/panarea-300x200.jpg 300w, https:\/\/discoversailing.pl\/wp-content\/uploads\/2026\/03\/panarea-768x511.jpg 768w\" sizes=\"auto, (max-width: 1024px) 100vw, 1024px\" \/><\/figure>\n\n\n\n<figure class=\"wp-block-image size-large\"><img loading=\"lazy\" decoding=\"async\" width=\"668\" height=\"446\" data-id=\"172\" src=\"https:\/\/discoversailing.pl\/wp-content\/uploads\/2026\/03\/panarea2.jpg\" alt=\"\" class=\"wp-image-172\" srcset=\"https:\/\/discoversailing.pl\/wp-content\/uploads\/2026\/03\/panarea2.jpg 668w, https:\/\/discoversailing.pl\/wp-content\/uploads\/2026\/03\/panarea2-300x200.jpg 300w\" sizes=\"auto, (max-width: 668px) 100vw, 668px\" \/><\/figure>\n<\/figure>\n\n\n\n<p class=\"has-base-font-size\" style=\"margin-top:var(--wp--preset--spacing--small);margin-bottom:var(--wp--preset--spacing--x-small)\">Najbardziej ekskluzywna i elegancka wyspa archipelagu. Ulubione miejsce w\u0142oskich celebryt\u00f3w.<\/p>\n\n\n\n<p class=\"has-base-font-size\" style=\"margin-top:0;margin-bottom:0\"><strong>Co zobaczysz:<\/strong><\/p>\n\n\n\n<ul style=\"margin-top:0;margin-bottom:0\" class=\"wp-block-list\">\n<li>\ud83c\udfdd\ufe0f Ma\u0142e, bajkowe zatoki<\/li>\n\n\n\n<li>\ud83c\udf79 Stylowe beach bary<\/li>\n\n\n\n<li>\ud83c\udf05 Jedne z najpi\u0119kniejszych zachod\u00f3w s\u0142o\u0144ca<\/li>\n\n\n\n<li>\ud83d\udea4 Klimatyczne miasteczko bez ruchu samochodowego<\/li>\n<\/ul>\n\n\n\n<p class=\"has-base-font-size\" style=\"margin-top:var(--wp--preset--spacing--x-small);margin-bottom:var(--wp--preset--spacing--x-small)\">Panarea to <strong>luksusowy klimat, relaks i pi\u0119kne widoki<\/strong>.<\/p>\n\n\n\n<div class=\"wp-block-media-text has-media-on-the-right is-stacked-on-mobile\" style=\"margin-top:var(--wp--preset--spacing--large);margin-bottom:0\"><div class=\"wp-block-media-text__content\">\n<p class=\"has-base-font-size\"><img loading=\"lazy\" decoding=\"async\" height=\"16\" width=\"16\" src=\"https:\/\/static.xx.fbcdn.net\/images\/emoji.php\/v9\/t50\/1\/16\/1f525.png\" alt=\"\ud83d\udd25\">&nbsp;Stromboli \u2013 prawdziwa gwiazda rejsu. Nocne kotwiczenie i obserwowanie erupcji aktywnego wulkanu z pok\u0142adu jachtu to prze\u017cycie, kt\u00f3rego nie da si\u0119 zapomnie\u0107.<\/p>\n\n\n\n<p class=\"has-base-font-size\"><strong>Co zobaczysz:<\/strong><\/p>\n\n\n\n<ul class=\"wp-block-list\">\n<li>\ud83c\udf0b Nocne erupcje wulkanu (tzw. &#8222;Latarnia Morza \u015ar\u00f3dziemnego&#8221;)<\/li>\n\n\n\n<li>\u26ab Czarne, wulkaniczne pla\u017ce<\/li>\n\n\n\n<li>\ud83d\udeb6\u200d\u2642\ufe0f Trekking na punkt widokowy Sciara del Fuoco<\/li>\n\n\n\n<li>\ud83c\udf5d Kameralne restauracje nad samym morzem<\/li>\n<\/ul>\n<\/div><figure class=\"wp-block-media-text__media\"><img loading=\"lazy\" decoding=\"async\" width=\"1024\" height=\"569\" src=\"https:\/\/discoversailing.pl\/wp-content\/uploads\/2026\/03\/stromboli2-2-1024x569.jpg\" alt=\"\" class=\"wp-image-175 size-full\" srcset=\"https:\/\/discoversailing.pl\/wp-content\/uploads\/2026\/03\/stromboli2-2-1024x569.jpg 1024w, https:\/\/discoversailing.pl\/wp-content\/uploads\/2026\/03\/stromboli2-2-300x167.jpg 300w, https:\/\/discoversailing.pl\/wp-content\/uploads\/2026\/03\/stromboli2-2-768x427.jpg 768w, https:\/\/discoversailing.pl\/wp-content\/uploads\/2026\/03\/stromboli2-2.jpg 1080w\" sizes=\"auto, (max-width: 1024px) 100vw, 1024px\" \/><\/figure><\/div>\n\n\n\n<p class=\"has-base-font-size\" style=\"margin-bottom:var(--wp--preset--spacing--x-large)\">To jedna z najbardziej <strong>magicznych i dzikich wysp<\/strong> ca\u0142ego archipelagu.<\/p>\n\n\n\n<p class=\"has-base-font-size\"><img loading=\"lazy\" decoding=\"async\" height=\"16\" width=\"16\" alt=\"\u2693\" src=\"https:\/\/static.xx.fbcdn.net\/images\/emoji.php\/v9\/t87\/1\/16\/2693.png\">Filicudi \u2013 ze s\u0142ynn\u0105 monolityczn\u0105 ska\u0142\u0105 La Canna, wystaj\u0105c\u0105 ponad 70 m nad poziomem morza oraz jaskini\u0105 Bue Marino, do kt\u00f3rej mo\u017cemy wp\u0142yn\u0105\u0107 pontonem<\/p>\n\n\n\n<figure class=\"wp-block-gallery has-nested-images columns-default is-cropped wp-block-gallery-2 is-layout-flex wp-block-gallery-is-layout-flex\" style=\"margin-bottom:var(--wp--preset--spacing--medium)\">\n<figure class=\"wp-block-image size-large\"><img loading=\"lazy\" decoding=\"async\" width=\"550\" height=\"379\" data-id=\"177\" src=\"https:\/\/discoversailing.pl\/wp-content\/uploads\/2026\/03\/filicudi.jpg\" alt=\"\" class=\"wp-image-177\" srcset=\"https:\/\/discoversailing.pl\/wp-content\/uploads\/2026\/03\/filicudi.jpg 550w, https:\/\/discoversailing.pl\/wp-content\/uploads\/2026\/03\/filicudi-300x207.jpg 300w\" sizes=\"auto, (max-width: 550px) 100vw, 550px\" \/><\/figure>\n\n\n\n<figure class=\"wp-block-image size-large\"><img loading=\"lazy\" decoding=\"async\" width=\"1024\" height=\"711\" data-id=\"178\" src=\"https:\/\/discoversailing.pl\/wp-content\/uploads\/2026\/03\/filicudi2-1024x711.jpg\" alt=\"\" class=\"wp-image-178\" srcset=\"https:\/\/discoversailing.pl\/wp-content\/uploads\/2026\/03\/filicudi2-1024x711.jpg 1024w, https:\/\/discoversailing.pl\/wp-content\/uploads\/2026\/03\/filicudi2-300x208.jpg 300w, https:\/\/discoversailing.pl\/wp-content\/uploads\/2026\/03\/filicudi2-768x533.jpg 768w, https:\/\/discoversailing.pl\/wp-content\/uploads\/2026\/03\/filicudi2.jpg 1200w\" sizes=\"auto, (max-width: 1024px) 100vw, 1024px\" \/><\/figure>\n<\/figure>\n\n\n\n<h3 class=\"wp-block-heading has-base-font-size\">Co zobaczysz:<\/h3>\n\n\n\n<p class=\"has-base-font-size\" style=\"margin-top:var(--wp--preset--spacing--xx-small);margin-bottom:var(--wp--preset--spacing--large)\">\ud83c\udf0a <strong>Grotta del Bue Marino<\/strong> \u2013 spektakularna jaskinia morska dost\u0119pna tylko od strony wody<br>\ud83e\udea8 <strong>La Canna<\/strong> \u2013 monumentalna ska\u0142a wulkaniczna wynurzaj\u0105ca si\u0119 z morza<br>\ud83c\udfdb\ufe0f <strong>Capo Graziano<\/strong> \u2013 pozosta\u0142o\u015bci prehistorycznej osady z epoki br\u0105zu<br>\ud83c\udfdd\ufe0f Kameralne zatoki idealne na k\u0105piele i snorkeling<br>\ud83c\udf5d Ma\u0142e, rodzinne restauracje z lokaln\u0105 kuchni\u0105<\/p>\n\n\n\n<div class=\"wp-block-media-text is-stacked-on-mobile\"><figure class=\"wp-block-media-text__media\"><img loading=\"lazy\" decoding=\"async\" width=\"1024\" height=\"684\" src=\"https:\/\/discoversailing.pl\/wp-content\/uploads\/2026\/03\/salina2-1024x684.jpg\" alt=\"\" class=\"wp-image-180 size-full\" srcset=\"https:\/\/discoversailing.pl\/wp-content\/uploads\/2026\/03\/salina2-1024x684.jpg 1024w, https:\/\/discoversailing.pl\/wp-content\/uploads\/2026\/03\/salina2-300x200.jpg 300w, https:\/\/discoversailing.pl\/wp-content\/uploads\/2026\/03\/salina2-768x513.jpg 768w, https:\/\/discoversailing.pl\/wp-content\/uploads\/2026\/03\/salina2-1536x1026.jpg 1536w, https:\/\/discoversailing.pl\/wp-content\/uploads\/2026\/03\/salina2-2048x1368.jpg 2048w\" sizes=\"auto, (max-width: 1024px) 100vw, 1024px\" \/><\/figure><div class=\"wp-block-media-text__content\">\n<p class=\"has-base-font-size\"><img loading=\"lazy\" decoding=\"async\" height=\"16\" width=\"16\" alt=\"\ud83c\udf3f\" src=\"https:\/\/static.xx.fbcdn.net\/images\/emoji.php\/v9\/t1e\/1\/16\/1f33f.png\">&nbsp;Salina \u2013 zielona, spokojna, pachn\u0105ca kaparami i winem Malvasia. Idealne miejsce na dzie\u0144 zwiedzania, lokaln\u0105 kuchni\u0119 i totalny reset.<\/p>\n\n\n\n<p class=\"has-base-font-size\" style=\"margin-top:var(--wp--preset--spacing--xx-small);margin-bottom:0;margin-left:0\"><strong>Co zobaczysz:<\/strong><\/p>\n\n\n\n<ul class=\"wp-block-list\">\n<li>\ud83c\udf3f Zielone wzg\u00f3rza i wulkaniczne krajobrazy<\/li>\n\n\n\n<li>\ud83c\udf77 Lokalne wina Malvasia<\/li>\n\n\n\n<li>\ud83c\udf45 S\u0142ynne kapary z Saliny<\/li>\n\n\n\n<li>\ud83c\udf0a Spokojne zatoki idealne na nocleg na kotwicy<\/li>\n<\/ul>\n\n\n\n<p class=\"has-base-font-size\">To idealne miejsce dla os\u00f3b szukaj\u0105cych <strong>ciszy i autentycznych W\u0142och<\/strong>.<\/p>\n<\/div><\/div>\n\n\n\n<div class=\"wp-block-media-text has-media-on-the-right is-stacked-on-mobile\" style=\"grid-template-columns:auto 58%\"><div class=\"wp-block-media-text__content\">\n<p class=\"has-base-font-size\" style=\"margin-top:var(--wp--preset--spacing--large)\"><img loading=\"lazy\" decoding=\"async\" height=\"16\" width=\"16\" alt=\"\ud83c\udf0b\" src=\"https:\/\/static.xx.fbcdn.net\/images\/emoji.php\/v9\/t3d\/1\/16\/1f30b.png\">&nbsp;Vulcano \u2013 zapach siarki, czarne pla\u017ce i mo\u017cliwo\u015b\u0107 k\u0105pieli w naturalnych gor\u0105cych \u017ar\u00f3d\u0142ach. Wieczorem kolacja na jachcie i zach\u00f3d s\u0142o\u0144ca, kt\u00f3ry wygl\u0105da jak z filmu.<\/p>\n\n\n\n<p class=\"has-base-font-size\" style=\"margin-top:var(--wp--preset--spacing--x-small)\"><strong>Co zobaczysz:<\/strong><\/p>\n\n\n\n<ul class=\"wp-block-list\">\n<li>\u2668\ufe0f Naturalne k\u0105pieliska termalne<\/li>\n\n\n\n<li>\ud83c\udf0b Krater Gran Cratere (\u0142atwy trekking z widokiem na archipelag)<\/li>\n\n\n\n<li>\u26ab Czarne pla\u017ce i b\u0142otne k\u0105piele<\/li>\n\n\n\n<li>\ud83c\udf0a Turkusowe zatoki idealne na kotwiczenie<\/li>\n<\/ul>\n<\/div><figure class=\"wp-block-media-text__media\"><img loading=\"lazy\" decoding=\"async\" width=\"1024\" height=\"495\" src=\"https:\/\/discoversailing.pl\/wp-content\/uploads\/2026\/03\/vulcano-1024x495.jpg\" alt=\"\" class=\"wp-image-181 size-full\" srcset=\"https:\/\/discoversailing.pl\/wp-content\/uploads\/2026\/03\/vulcano-1024x495.jpg 1024w, https:\/\/discoversailing.pl\/wp-content\/uploads\/2026\/03\/vulcano-300x145.jpg 300w, https:\/\/discoversailing.pl\/wp-content\/uploads\/2026\/03\/vulcano-768x371.jpg 768w, https:\/\/discoversailing.pl\/wp-content\/uploads\/2026\/03\/vulcano-1536x742.jpg 1536w, https:\/\/discoversailing.pl\/wp-content\/uploads\/2026\/03\/vulcano-2048x990.jpg 2048w\" sizes=\"auto, (max-width: 1024px) 100vw, 1024px\" \/><\/figure><\/div>\n\n\n\n<p class=\"has-base-font-size\">To idealne miejsce na <strong>relaks i regeneracj\u0119 po \u017ceglowaniu<\/strong>.<\/p>\n\n\n\n<hr class=\"wp-block-separator has-alpha-channel-opacity is-style-wide\" style=\"margin-top:var(--wp--preset--spacing--small);margin-bottom:var(--wp--preset--spacing--small)\"\/>\n\n\n\n<h2 class=\"wp-block-heading\" id=\"jacht-lipary\" style=\"margin-top:var(--wp--preset--spacing--medium);margin-bottom:var(--wp--preset--spacing--medium)\">Opis jachtu<\/h2>\n\n\n\n<p class=\"has-base-font-size\">P\u0142yniemy du\u017cym cztero &#8211; kabinowym jachtem z dwoma \u0142azienkami z prysznicami.<\/p>\n\n\n\n<figure class=\"wp-block-gallery has-nested-images columns-default is-cropped wp-block-gallery-3 is-layout-flex wp-block-gallery-is-layout-flex\">\n<figure class=\"wp-block-image size-large\"><img loading=\"lazy\" decoding=\"async\" width=\"996\" height=\"745\" data-id=\"196\" src=\"https:\/\/discoversailing.pl\/wp-content\/uploads\/2026\/03\/1.png\" alt=\"\" class=\"wp-image-196\" srcset=\"https:\/\/discoversailing.pl\/wp-content\/uploads\/2026\/03\/1.png 996w, https:\/\/discoversailing.pl\/wp-content\/uploads\/2026\/03\/1-300x224.png 300w, https:\/\/discoversailing.pl\/wp-content\/uploads\/2026\/03\/1-768x574.png 768w\" sizes=\"auto, (max-width: 996px) 100vw, 996px\" \/><\/figure>\n\n\n\n<figure class=\"wp-block-image size-large\"><img loading=\"lazy\" decoding=\"async\" width=\"993\" height=\"744\" data-id=\"197\" src=\"https:\/\/discoversailing.pl\/wp-content\/uploads\/2026\/03\/2.png\" alt=\"\" class=\"wp-image-197\" srcset=\"https:\/\/discoversailing.pl\/wp-content\/uploads\/2026\/03\/2.png 993w, https:\/\/discoversailing.pl\/wp-content\/uploads\/2026\/03\/2-300x225.png 300w, https:\/\/discoversailing.pl\/wp-content\/uploads\/2026\/03\/2-768x575.png 768w\" sizes=\"auto, (max-width: 993px) 100vw, 993px\" \/><\/figure>\n\n\n\n<figure class=\"wp-block-image size-large\"><img loading=\"lazy\" decoding=\"async\" width=\"991\" height=\"658\" data-id=\"198\" src=\"https:\/\/discoversailing.pl\/wp-content\/uploads\/2026\/03\/3.png\" alt=\"\" class=\"wp-image-198\" srcset=\"https:\/\/discoversailing.pl\/wp-content\/uploads\/2026\/03\/3.png 991w, https:\/\/discoversailing.pl\/wp-content\/uploads\/2026\/03\/3-300x199.png 300w, https:\/\/discoversailing.pl\/wp-content\/uploads\/2026\/03\/3-768x510.png 768w\" sizes=\"auto, (max-width: 991px) 100vw, 991px\" \/><\/figure>\n\n\n\n<figure class=\"wp-block-image size-large\" style=\"margin-top:var(--wp--preset--spacing--small);margin-bottom:var(--wp--preset--spacing--large)\"><img loading=\"lazy\" decoding=\"async\" width=\"990\" height=\"658\" data-id=\"195\" src=\"https:\/\/discoversailing.pl\/wp-content\/uploads\/2026\/03\/4.png\" alt=\"\" class=\"wp-image-195\" srcset=\"https:\/\/discoversailing.pl\/wp-content\/uploads\/2026\/03\/4.png 990w, https:\/\/discoversailing.pl\/wp-content\/uploads\/2026\/03\/4-300x199.png 300w, https:\/\/discoversailing.pl\/wp-content\/uploads\/2026\/03\/4-768x510.png 768w\" sizes=\"auto, (max-width: 990px) 100vw, 990px\" \/><\/figure>\n<\/figure>\n\n\n\n<div class=\"wp-block-columns is-layout-flex wp-container-core-columns-is-layout-28f84493 wp-block-columns-is-layout-flex\">\n<div class=\"wp-block-column is-layout-flow wp-block-column-is-layout-flow\">\n<p class=\"has-base-font-size\">Wyposa\u017cenie komfort:<\/p>\n\n\n\n<ul class=\"wp-block-list\">\n<li>platforma k\u0105pielowa<\/li>\n\n\n\n<li>elektryczne WC<\/li>\n\n\n\n<li>ponton z silnikiem<\/li>\n\n\n\n<li>poduszki w kokpicie<\/li>\n\n\n\n<li>wentylatory w kajutach i salonie<\/li>\n\n\n\n<li>g\u0142o\u015bnik w kokpicie<\/li>\n\n\n\n<li>autopilot<\/li>\n\n\n\n<li>wyposa\u017cony kambuz<\/li>\n\n\n\n<li>po\u015bciel i r\u0119czniki<\/li>\n<\/ul>\n<\/div>\n\n\n\n<div class=\"wp-block-column is-layout-flow wp-block-column-is-layout-flow\">\n<p class=\"has-base-font-size\">Wyposa\u017cenie bezpiecze\u0144stwo:<\/p>\n\n\n\n<ul class=\"wp-block-list\">\n<li>kamizelki ratunkowe<\/li>\n\n\n\n<li>tratwa ratunkowa<\/li>\n\n\n\n<li>epirb<\/li>\n\n\n\n<li>radio VHF<\/li>\n<\/ul>\n<\/div>\n<\/div>\n","protected":false},"excerpt":{"rendered":"<p>\ud83d\udccd Start: Sycylia (marina Portorosa)\ud83d\udcc5 Termin: 12-19.09.2026 \ud83d\udcb2 Cena: 2250 z\u0142 + 200 eur (sk\u0142adka nie jest rozliczana)\ud83d\udc65 Dla kogo: dla ka\u017cdego\u26f5Jacht: Oceanis 45 Opis rejsu Marzysz o turkusowej wodzie, wulkanicznych krajobrazach i klimatycznych w\u0142oskich miasteczkach?Do\u0142\u0105cz do niezapomnianego rejsu \u017ceglarskiego po Wyspach Liparyjskich! Nasz\u0105 \u017ceglarsk\u0105 przygod\u0119 rozpoczynamy na Sycylii z mariny Di Portorosa, sk\u0105d po [&hellip;]<\/p>\n","protected":false},"author":1,"featured_media":0,"parent":0,"menu_order":0,"comment_status":"closed","ping_status":"closed","template":"opis-rejsu","meta":{"footnotes":""},"class_list":["post-52","page","type-page","status-publish","hentry"],"_links":{"self":[{"href":"https:\/\/discoversailing.pl\/index.php\/wp-json\/wp\/v2\/pages\/52","targetHints":{"allow":["GET"]}}],"collection":[{"href":"https:\/\/discoversailing.pl\/index.php\/wp-json\/wp\/v2\/pages"}],"about":[{"href":"https:\/\/discoversailing.pl\/index.php\/wp-json\/wp\/v2\/types\/page"}],"author":[{"embeddable":true,"href":"https:\/\/discoversailing.pl\/index.php\/wp-json\/wp\/v2\/users\/1"}],"replies":[{"embeddable":true,"href":"https:\/\/discoversailing.pl\/index.php\/wp-json\/wp\/v2\/comments?post=52"}],"version-history":[{"count":17,"href":"https:\/\/discoversailing.pl\/index.php\/wp-json\/wp\/v2\/pages\/52\/revisions"}],"predecessor-version":[{"id":255,"href":"https:\/\/discoversailing.pl\/index.php\/wp-json\/wp\/v2\/pages\/52\/revisions\/255"}],"wp:attachment":[{"href":"https:\/\/discoversailing.pl\/index.php\/wp-json\/wp\/v2\/media?parent=52"}],"curies":[{"name":"wp","href":"https:\/\/api.w.org\/{rel}","templated":true}]}}